{"id":2,"date":"2026-05-05T14:32:16","date_gmt":"2026-05-05T14:32:16","guid":{"rendered":"https:\/\/gebaeudereinigung-geretsried.de\/?page_id=2"},"modified":"2026-05-05T16:39:59","modified_gmt":"2026-05-05T16:39:59","slug":"sample-page","status":"publish","type":"page","link":"https:\/\/gebaeudereinigung-geretsried.de\/","title":{"rendered":"gebaeudereinigung-geretsried"},"content":{"rendered":"<p>[et_pb_section fb_built=&#8220;1&#8243; module_class=&#8220;cfm-hero-target&#8220; _builder_version=&#8220;4.27.6&#8243; _module_preset=&#8220;default&#8220; background_color=&#8220;#071522&#8243; background_video_webm=&#8220;https:\/\/sauberlink.de\/wp-content\/uploads\/2025\/10\/kling_20251006_Image_to_Video_Make_natur_5708_0-3.webm&#8220; custom_padding=&#8220;0px||0px||false|false&#8220; bottom_divider_style=&#8220;asymmetric4&#8243; bottom_divider_color=&#8220;#f6f4f0&#8243; global_colors_info=&#8220;{}&#8220;][et_pb_text module_class=&#8220;cfm-css-holder&#8220; _builder_version=&#8220;4.27.6&#8243; _module_preset=&#8220;default&#8220; global_colors_info=&#8220;{}&#8220;]<\/p>\n<style>\n:root{--cfm-navy:#071522;--cfm-navy2:#0b2033;--cfm-blue:#1e62aa;--cfm-gold:#caa34d;--cfm-off:#f6f4f0;--cfm-taupe:#b9aa96;}\n.cfm-hero-target{position:relative!important;min-height:705px!important;overflow:visible!important;background-color:#071522!important;}\n.cfm-hero-target:before{content:\"\";position:absolute;inset:0;z-index:1;pointer-events:none;background:linear-gradient(90deg,rgba(5,14,23,.97) 0%,rgba(5,14,23,.92) 31%,rgba(5,14,23,.58) 61%,rgba(5,14,23,.28) 100%);}\n\/* Bottom transition removed: blue\/white shape elements are intentionally not rendered *\/\n.cfm-hero-target:after{display:none!important;content:none!important;}\n.cfm-hero-target>.et_pb_row{position:relative!important;z-index:5!important;}\n.cfm-hero-content{max-width:1380px!important;}\n.cfm-hero-small-h1 h1{color:#caa34d!important;font-size:13px!important;line-height:1.1em!important;font-weight:900!important;letter-spacing:1.45px!important;text-transform:uppercase!important;margin:0 0 27px!important;text-shadow:0 4px 16px rgba(0,0,0,.28);}\n.cfm-hero-big h4{color:#fff!important;font-size:58px!important;line-height:1.02em!important;font-weight:900!important;letter-spacing:-1.7px!important;margin:0!important;text-shadow:0 9px 30px rgba(0,0,0,.35);}\n.cfm-hero-big h4 span{color:#caa34d!important;}\n.cfm-hero-copy p{color:#fff!important;font-size:16px!important;line-height:1.55em!important;font-weight:700!important;max-width:545px!important;text-shadow:0 6px 24px rgba(0,0,0,.35);}\n.cfm-hero-buttons{display:flex;align-items:center;gap:22px;flex-wrap:wrap;margin-top:28px;}\n.cfm-hero-btn{display:inline-flex;align-items:center;justify-content:center;height:50px;padding:0 26px;border-radius:8px;font-size:14px;font-weight:900;text-decoration:none!important;line-height:1;color:#fff!important;box-shadow:0 12px 30px rgba(0,0,0,.22);}\n.cfm-hero-btn-primary{background:#caa34d!important;border:1px solid #caa34d!important;}\n.cfm-hero-btn-secondary{background:rgba(255,255,255,.04)!important;border:2px solid rgba(255,255,255,.76)!important;color:#fff!important;}\n.cfm-hero-target>.cfm-hero-trust-row{position:absolute!important;left:50%!important;bottom:-43px!important;transform:translateX(-50%)!important;margin:0!important;width:68%!important;max-width:1120px!important;z-index:12!important;}\n.cfm-hero-trust{position:relative;background:#071522!important;clip-path:polygon(3.9% 0,93.7% 0,100% 32%,95.2% 100%,4.9% 100%,0 32%);box-shadow:0 20px 42px rgba(0,0,0,.30);}\n.cfm-hero-trust .et_pb_column{display:flex;align-items:center;justify-content:center;min-height:74px;}\n.cfm-hero-trust .et_pb_column:not(:last-child){border-right:1px solid rgba(255,255,255,.14);}\n.cfm-stat-wrap{display:flex;align-items:center;gap:14px;justify-content:center;text-align:left;min-width:0;}\n.cfm-stat-icon{font-size:30px;color:#caa34d;line-height:1;min-width:38px;text-align:center;font-weight:400;opacity:.95;}\n.cfm-stat-main{display:block;color:#fff;font-size:24px;font-weight:900;line-height:1;letter-spacing:-.15px;white-space:nowrap;}\n.cfm-stat-sub{display:block;color:#fff;font-size:9.5px;font-weight:800;line-height:1.16;margin-top:5px;opacity:.96;white-space:nowrap;}\n.cfm-services-section{background:radial-gradient(circle at 15% 10%,rgba(215,206,193,.42),transparent 28%),radial-gradient(circle at 90% 30%,rgba(215,206,193,.28),transparent 30%),linear-gradient(180deg,#f6f4f0 0%,#ffffff 43%,#f6f4f0 100%);overflow:hidden!important;}\n.cfm-services-kicker{color:#7e715f!important;font-size:13px!important;font-weight:900!important;letter-spacing:1.4px!important;text-transform:uppercase!important;}\n.cfm-services-head h2{color:#122333!important;font-size:35px!important;line-height:1.02em!important;font-weight:800!important;letter-spacing:-.7px!important;}\n.cfm-services-head span{color:#b9aa96!important;font-weight:700!important;}\n.cfm-v14-services-shell{width:100%;max-width:1420px;margin:42px auto 0;overflow:visible;padding:0 0 44px;position:relative;}\n.cfm-v14-services-stage{display:grid!important;grid-template-columns:17.5% 19% 23% 19% 17.5%;align-items:end;justify-content:center;column-gap:10px;width:100%;overflow:visible!important;perspective:1600px;}\n.cfm-v14-card{position:relative!important;display:block!important;visibility:visible!important;opacity:1!important;min-width:0;overflow:hidden;background-size:cover;background-position:center;isolation:isolate;border:3px solid #f6f4f0;box-shadow:0 18px 36px rgba(18,35,51,.13);transition:transform .28s ease,box-shadow .28s ease,filter .28s ease;transform-style:preserve-3d;backface-visibility:hidden;}\n.cfm-v14-card:before{content:\"\";position:absolute;inset:0;background:linear-gradient(180deg,rgba(18,35,51,0) 0%,rgba(18,35,51,.10) 38%,rgba(18,35,51,.82) 100%);z-index:1;}\n.cfm-v14-copy{position:absolute;left:18px;right:14px;bottom:18px;z-index:2;color:#fff;}\n.cfm-v14-copy h3{color:#fff!important;font-size:15.2px!important;line-height:1.06em!important;font-weight:800!important;letter-spacing:-.18px!important;margin:0 0 8px!important;text-shadow:0 3px 12px rgba(0,0,0,.46);word-break:normal!important;overflow-wrap:normal!important;hyphens:none!important;}\n.cfm-v14-copy p{color:#fff!important;font-size:9.6px!important;line-height:1.34em!important;font-weight:650!important;margin:0!important;text-shadow:0 2px 9px rgba(0,0,0,.45);}\n.cfm-v14-card-1{height:258px;border-radius:18px 18px 17px 22px;transform:perspective(1600px) rotateY(12deg) rotateZ(-2.1deg) translateX(8px);transform-origin:right center;background-image:url('https:\/\/gebaeudereinigung-geretsried.de\/wp-content\/uploads\/2026\/05\/bueroreinigung-geretsried.webp');z-index:1;}\n.cfm-v14-card-2{height:292px;border-radius:20px 20px 18px 23px;transform:perspective(1600px) rotateY(7deg) rotateZ(-1.1deg) translateX(3px);transform-origin:right center;background-image:url('https:\/\/gebaeudereinigung-geretsried.de\/wp-content\/uploads\/2026\/05\/praxisreinigung-geretsried.webp');z-index:2;}\n.cfm-v14-card-3{height:352px;border-radius:22px 24px 20px 25px;transform:perspective(1600px) rotateY(0deg) rotateZ(.05deg);transform-origin:center center;background-image:url('https:\/\/gebaeudereinigung-geretsried.de\/wp-content\/uploads\/2026\/05\/gebaeudereinigung-geretsried.webp');z-index:4;}\n.cfm-v14-card-4{height:292px;border-radius:20px 20px 23px 18px;transform:perspective(1600px) rotateY(-7deg) rotateZ(1.1deg) translateX(-3px);transform-origin:left center;background-image:url('https:\/\/gebaeudereinigung-geretsried.de\/wp-content\/uploads\/2026\/05\/winterdienst-geretsried.webp');z-index:2;}\n.cfm-v14-card-5{height:258px;border-radius:18px 18px 22px 17px;transform:perspective(1600px) rotateY(-12deg) rotateZ(2.1deg) translateX(-8px);transform-origin:left center;background-image:url('https:\/\/gebaeudereinigung-geretsried.de\/wp-content\/uploads\/2026\/05\/urlaubsvertretung-geretsried.webp');z-index:1;}\n.cfm-v14-card-3 .cfm-v14-copy{left:24px;right:22px;bottom:24px;}\n.cfm-v14-card-3 h3{font-size:18.8px!important;}\n.cfm-v14-card-3 p{font-size:10.4px!important;}\n.cfm-v14-card-4 .cfm-v14-copy{left:19px;right:18px;bottom:18px;}\n.cfm-v14-card-5 .cfm-v14-copy{left:18px;right:18px;bottom:18px;}\n.cfm-v14-card:hover{filter:saturate(1.04) contrast(1.02);box-shadow:0 24px 44px rgba(18,35,51,.18);z-index:9;}\n.cfm-v14-card-1:hover{transform:perspective(1600px) rotateY(10deg) rotateZ(-1.7deg) translateY(-5px) translateX(8px)!important;}\n.cfm-v14-card-2:hover{transform:perspective(1600px) rotateY(5deg) rotateZ(-.8deg) translateY(-5px) translateX(3px)!important;}\n.cfm-v14-card-3:hover{transform:perspective(1600px) rotateY(0deg) rotateZ(.05deg) translateY(-7px)!important;}\n.cfm-v14-card-4:hover{transform:perspective(1600px) rotateY(-5deg) rotateZ(.8deg) translateY(-5px) translateX(-3px)!important;}\n.cfm-v14-card-5:hover{transform:perspective(1600px) rotateY(-10deg) rotateZ(1.7deg) translateY(-5px) translateX(-8px)!important;}\n@media(max-width:1380px){.cfm-hero-big h4{font-size:52px!important;}.cfm-hero-target{position:relative!important;min-height:735px!important;overflow:visible!important;background-color:#071522!important;}.cfm-v14-services-shell{max-width:1220px;}.cfm-v14-services-stage{grid-template-columns:17.2% 19.1% 23.4% 19.1% 17.2%;column-gap:8px;}.cfm-v14-card-1,.cfm-v14-card-5{height:240px;}.cfm-v14-card-2,.cfm-v14-card-4{height:268px;}.cfm-v14-card-3{height:318px;}.cfm-v14-copy h3{font-size:14.2px!important;}.cfm-v14-copy p{font-size:8.8px!important;}.cfm-v14-card-3 h3{font-size:17.2px!important;}.cfm-v14-card-3 p{font-size:9.5px!important;}}\n@media(max-width:980px){.cfm-hero-target{position:relative!important;min-height:735px!important;overflow:visible!important;background-color:#071522!important;}.cfm-hero-target:after{content:\"\";position:absolute;left:0;right:0;bottom:-1px;height:178px;z-index:2;pointer-events:none;background:linear-gradient(27deg,#1f5fa8 0 13.7%,transparent 14.05%) left bottom\/34% 100% no-repeat,linear-gradient(-27deg,#1f5fa8 0 13.7%,transparent 14.05%) right bottom\/34% 100% no-repeat,linear-gradient(176deg,transparent 0 68%,#f6f4f0 68.35% 100%);}.cfm-hero-big h4{font-size:42px!important;}.cfm-hero-buttons{gap:12px;}.cfm-hero-trust{position:relative;background:#071522!important;clip-path:polygon(3.9% 0,93.7% 0,100% 32%,95.2% 100%,4.9% 100%,0 32%);box-shadow:0 20px 42px rgba(0,0,0,.30);}.cfm-hero-trust .et_pb_column{display:flex;align-items:center;justify-content:center;min-height:74px;}.cfm-v14-services-stage{display:grid!important;grid-template-columns:1fr 1fr;gap:20px;}.cfm-v14-card{height:280px!important;transform:none!important;border-radius:22px!important;}.cfm-v14-card-3{grid-column:1 \/ -1;}.cfm-v14-copy h3{font-size:21px!important;}.cfm-v14-copy p{font-size:12px!important;}}\n@media(max-width:767px){.cfm-hero-big h4{font-size:34px!important;}.cfm-hero-btn{width:100%;height:48px;}.cfm-v14-services-stage{grid-template-columns:1fr;}.cfm-v14-card{height:255px!important;}.cfm-v14-card-3{grid-column:auto;}}<\/p>\n<p>\/* HERO-BOTTOM FINETUNE *\/\n.cfm-hero-trust .et_pb_text{margin-bottom:0!important;}\n.cfm-hero-trust .et_pb_module{width:100%;}\n.cfm-hero-trust .et_pb_column:nth-child(4) .cfm-stat-main{font-size:24px!important;letter-spacing:-.35px!important;}\n.cfm-hero-trust .et_pb_column:nth-child(4) .cfm-stat-icon{font-size:31px!important;}\n.cfm-hero-trust .et_pb_column:nth-child(4) .cfm-stat-wrap{gap:12px;}\n.cfm-hero-target .et_pb_video_bg video{object-fit:cover!important;}\n@media(max-width:980px){.cfm-hero-target{min-height:auto!important;}.cfm-hero-target:after{display:none!important;content:none!important;}.cfm-hero-trust{clip-path:none!important;border-radius:16px!important;}.cfm-hero-trust .et_pb_column{min-height:70px!important;}.cfm-stat-main{font-size:23px!important;}.cfm-stat-sub{font-size:9px!important;}}<\/p>\n<p>\/* V6 transition override: locks the lower hero seam to the reference look *\/\n.cfm-hero-target{min-height:705px!important;}\n.cfm-hero-target:after{height:118px!important;background:linear-gradient(27deg,#1f5fa8 0 15.2%,transparent 15.45%) left bottom\/31% 100% no-repeat,linear-gradient(-27deg,#1f5fa8 0 15.2%,transparent 15.45%) right bottom\/31% 100% no-repeat,linear-gradient(176.2deg,transparent 0 55.5%,#f6f4f0 55.9% 100%)!important;}\n.cfm-hero-trust-row{margin-top:-82px!important;margin-bottom:-8px!important;}\n.cfm-hero-trust{width:68%!important;max-width:1120px!important;}\n@media(max-width:1380px){.cfm-hero-trust{width:73%!important;}.cfm-hero-trust-row{margin-top:-78px!important;}}\n<\/style>\n<p>[\/et_pb_text][et_pb_row column_structure=&#8220;1_2,1_2&#8243; module_class=&#8220;cfm-hero-content&#8220; _builder_version=&#8220;4.27.6&#8243; _module_preset=&#8220;default&#8220; max_width=&#8220;1380px&#8220; min_height=&#8220;520px&#8220; custom_padding=&#8220;82px||82px||false|false&#8220; global_colors_info=&#8220;{}&#8220;][et_pb_column type=&#8220;1_2&#8243; _builder_version=&#8220;4.27.6&#8243; _module_preset=&#8220;default&#8220; global_colors_info=&#8220;{}&#8220;][et_pb_text module_class=&#8220;cfm-hero-small-h1&#8243; _builder_version=&#8220;4.27.6&#8243; _module_preset=&#8220;default&#8220; global_colors_info=&#8220;{}&#8220;]<\/p>\n<h1>Geb\u00e4udereinigung Geretsried<\/h1>\n<p>[\/et_pb_text][et_pb_text module_class=&#8220;cfm-hero-big&#8220; _builder_version=&#8220;4.27.6&#8243; _module_preset=&#8220;default&#8220; global_colors_info=&#8220;{}&#8220;]<\/p>\n<h4>SAUBERKEIT,<br \/>DIE <span>VERL\u00c4SSLICH<\/span><br \/>FUNKTIONIERT.<\/h4>\n<p>[\/et_pb_text][et_pb_text module_class=&#8220;cfm-hero-copy&#8220; _builder_version=&#8220;4.27.6&#8243; _module_preset=&#8220;default&#8220; custom_margin=&#8220;28px||0px||false|false&#8220; global_colors_info=&#8220;{}&#8220;]<\/p>\n<p>Crank Facility Management sorgt f\u00fcr gepflegte, saubere und sichere Immobilien \u2013 zuverl\u00e4ssig, flexibel und pers\u00f6nlich.<\/p>\n<div class=\"cfm-hero-buttons\"><a href=\"#kontakt\" class=\"cfm-hero-btn cfm-hero-btn-primary\">Kostenlose Objektbesichtigung&nbsp; \u2192<\/a><a href=\"#leistungen\" class=\"cfm-hero-btn cfm-hero-btn-secondary\">Mehr \u00fcber uns<\/a><\/div>\n<p>[\/et_pb_text][\/et_pb_column][et_pb_column type=&#8220;1_2&#8243; _builder_version=&#8220;4.27.6&#8243; _module_preset=&#8220;default&#8220; global_colors_info=&#8220;{}&#8220;][\/et_pb_column][\/et_pb_row][et_pb_row column_structure=&#8220;1_4,1_4,1_4,1_4&#8243; module_class=&#8220;cfm-hero-trust cfm-hero-trust-row&#8220; _builder_version=&#8220;4.27.6&#8243; _module_preset=&#8220;default&#8220; background_color=&#8220;#071522&#8243; width=&#8220;68%&#8220; max_width=&#8220;1120px&#8220; custom_margin=&#8220;0px|auto|0px|auto|true|true&#8220; custom_padding=&#8220;8px|52px|10px|52px|true|true&#8220; global_colors_info=&#8220;{}&#8220;][et_pb_column type=&#8220;1_4&#8243; _builder_version=&#8220;4.27.6&#8243; _module_preset=&#8220;default&#8220; global_colors_info=&#8220;{}&#8220;][et_pb_text _builder_version=&#8220;4.27.6&#8243; _module_preset=&#8220;default&#8220; global_colors_info=&#8220;{}&#8220;]<\/p>\n<div class=\"cfm-stat-wrap\"><span class=\"cfm-stat-icon\">\u2659<\/span><span><strong class=\"cfm-stat-main\">3<\/strong><span class=\"cfm-stat-sub\">Feste Mitarbeiter<\/span><\/span><\/div>\n<p>[\/et_pb_text][\/et_pb_column][et_pb_column type=&#8220;1_4&#8243; _builder_version=&#8220;4.27.6&#8243; _module_preset=&#8220;default&#8220; global_colors_info=&#8220;{}&#8220;][et_pb_text _builder_version=&#8220;4.27.6&#8243; _module_preset=&#8220;default&#8220; global_colors_info=&#8220;{}&#8220;]<\/p>\n<div class=\"cfm-stat-wrap\"><span class=\"cfm-stat-icon\">\u25c7<\/span><span><strong class=\"cfm-stat-main\">100%<\/strong><span class=\"cfm-stat-sub\">Zuverl\u00e4ssigkeit<\/span><\/span><\/div>\n<p>[\/et_pb_text][\/et_pb_column][et_pb_column type=&#8220;1_4&#8243; _builder_version=&#8220;4.27.6&#8243; _module_preset=&#8220;default&#8220; global_colors_info=&#8220;{}&#8220;][et_pb_text _builder_version=&#8220;4.27.6&#8243; _module_preset=&#8220;default&#8220; global_colors_info=&#8220;{}&#8220;]<\/p>\n<div class=\"cfm-stat-wrap\"><span class=\"cfm-stat-icon\">\u25a3<\/span><span><strong class=\"cfm-stat-main\">5<\/strong><span class=\"cfm-stat-sub\">Tage pro Woche<\/span><\/span><\/div>\n<p>[\/et_pb_text][\/et_pb_column][et_pb_column type=&#8220;1_4&#8243; _builder_version=&#8220;4.27.6&#8243; _module_preset=&#8220;default&#8220; global_colors_info=&#8220;{}&#8220;][et_pb_text _builder_version=&#8220;4.27.6&#8243; _module_preset=&#8220;default&#8220; global_colors_info=&#8220;{}&#8220;]<\/p>\n<div class=\"cfm-stat-wrap\"><span class=\"cfm-stat-icon\">\u2316<\/span><span><strong class=\"cfm-stat-main\">Geretsried<\/strong><span class=\"cfm-stat-sub\">Regional f\u00fcr Sie da<\/span><\/span><\/div>\n<p>[\/et_pb_text][\/et_pb_column][\/et_pb_row][\/et_pb_section][et_pb_section fb_built=&#8220;1&#8243; module_id=&#8220;leistungen&#8220; module_class=&#8220;cfm-services-section&#8220; _builder_version=&#8220;4.27.6&#8243; _module_preset=&#8220;default&#8220; background_color=&#8220;#f6f4f0&#8243; custom_padding=&#8220;46px||82px||false|false&#8220; global_colors_info=&#8220;{}&#8220;][et_pb_row column_structure=&#8220;1_2,1_2&#8243; _builder_version=&#8220;4.27.6&#8243; _module_preset=&#8220;default&#8220; width=&#8220;88%&#8220; max_width=&#8220;1380px&#8220; custom_padding=&#8220;0px||25px||false|false&#8220; global_colors_info=&#8220;{}&#8220;][et_pb_column type=&#8220;1_2&#8243; _builder_version=&#8220;4.27.6&#8243; _module_preset=&#8220;default&#8220; global_colors_info=&#8220;{}&#8220;][et_pb_text module_class=&#8220;cfm-services-kicker&#8220; _builder_version=&#8220;4.27.6&#8243; _module_preset=&#8220;default&#8220; global_colors_info=&#8220;{}&#8220;]UNSERE LEISTUNGEN[\/et_pb_text][et_pb_text module_class=&#8220;cfm-services-head&#8220; _builder_version=&#8220;4.27.6&#8243; _module_preset=&#8220;default&#8220; global_colors_info=&#8220;{}&#8220;]<\/p>\n<h2>Ma\u00dfgeschneiderte Reinigung.<br \/>F\u00fcr <span>jeden Anspruch.<\/span><\/h2>\n<p>[\/et_pb_text][\/et_pb_column][et_pb_column type=&#8220;1_2&#8243; _builder_version=&#8220;4.27.6&#8243; _module_preset=&#8220;default&#8220; global_colors_info=&#8220;{}&#8220;][et_pb_text _builder_version=&#8220;4.27.6&#8243; _module_preset=&#8220;default&#8220; text_font=&#8220;Inter|500|||||||&#8220; text_text_color=&#8220;#122333&#8243; text_font_size=&#8220;17px&#8220; text_line_height=&#8220;1.55em&#8220; custom_margin=&#8220;36px||0px||false|false&#8220; global_colors_info=&#8220;{}&#8220;]Wir bieten ma\u00dfgeschneiderte L\u00f6sungen f\u00fcr Unternehmen, Praxen und Gewerbeimmobilien in Geretsried und Umgebung.[\/et_pb_text][\/et_pb_column][\/et_pb_row][et_pb_row _builder_version=&#8220;4.27.6&#8243; _module_preset=&#8220;default&#8220; width=&#8220;96%&#8220; max_width=&#8220;1440px&#8220; overflow-x=&#8220;visible&#8220; overflow-y=&#8220;visible&#8220; custom_padding=&#8220;0px||40px||false|false&#8220; global_colors_info=&#8220;{}&#8220;][et_pb_column type=&#8220;4_4&#8243; _builder_version=&#8220;4.27.6&#8243; _module_preset=&#8220;default&#8220; global_colors_info=&#8220;{}&#8220;][et_pb_text _builder_version=&#8220;4.27.6&#8243; _module_preset=&#8220;default&#8220; custom_margin=&#8220;0px||0px||false|false&#8220; custom_padding=&#8220;0px||0px||false|false&#8220; global_colors_info=&#8220;{}&#8220;]<\/p>\n<div class=\"cfm-v14-services-shell\">\n<div class=\"cfm-v14-services-stage\">\n<div class=\"cfm-v14-card cfm-v14-card-1\">\n<div class=\"cfm-v14-copy\">\n<h3>B\u00fcroreinigung<\/h3>\n<p>Saubere Arbeitspl\u00e4tze f\u00fcr ein gesundes und produktives Arbeitsumfeld.<\/p>\n<\/div>\n<\/div>\n<div class=\"cfm-v14-card cfm-v14-card-2\">\n<div class=\"cfm-v14-copy\">\n<h3>Praxenreinigung<\/h3>\n<p>Hygienisch einwandfreie Sauberkeit f\u00fcr Arztpraxen und medizinische Einrichtungen.<\/p>\n<\/div>\n<\/div>\n<div class=\"cfm-v14-card cfm-v14-card-3\">\n<div class=\"cfm-v14-copy\">\n<h3>Geb\u00e4udereinigung<\/h3>\n<p>Gr\u00fcndliche Reinigung f\u00fcr B\u00fcros, Gewerbeobjekte und Gemeinschaftsfl\u00e4chen.<\/p>\n<\/div>\n<\/div>\n<div class=\"cfm-v14-card cfm-v14-card-4\">\n<div class=\"cfm-v14-copy\">\n<h3>Winterdienst<\/h3>\n<p>Zuverl\u00e4ssiger Winterdienst f\u00fcr sichere Wege und Parkfl\u00e4chen.<\/p>\n<\/div>\n<\/div>\n<div class=\"cfm-v14-card cfm-v14-card-5\">\n<div class=\"cfm-v14-copy\">\n<h3>Urlaubsvertretung<\/h3>\n<p>Wir \u00fcbernehmen w\u00e4hrend Ihrer Abwesenheit \u2013 zuverl\u00e4ssig und flexibel.<\/p>\n<\/div>\n<\/div>\n<\/div>\n<\/div>\n<p>[\/et_pb_text][\/et_pb_column][\/et_pb_row][\/et_pb_section][et_pb_section fb_built=&#8220;1&#8243; fullwidth=&#8220;on&#8220; theme_builder_area=&#8220;post_content&#8220; _builder_version=&#8220;4.27.6&#8243; _module_preset=&#8220;default&#8220;][\/et_pb_section]<\/p>\n","protected":false},"excerpt":{"rendered":"<p>Geb\u00e4udereinigung GeretsriedSAUBERKEIT,DIE VERL\u00c4SSLICHFUNKTIONIERT.Crank Facility Management sorgt f\u00fcr gepflegte, saubere und sichere Immobilien \u2013 zuverl\u00e4ssig, flexibel und pers\u00f6nlich.Kostenlose Objektbesichtigung&nbsp; \u2192Mehr \u00fcber uns\u26593Feste Mitarbeiter\u25c7100%Zuverl\u00e4ssigkeit\u25a35Tage pro Woche\u2316GeretsriedRegional f\u00fcr Sie daUNSERE LEISTUNGENMa\u00dfgeschneiderte Reinigung.F\u00fcr jeden Anspruch.Wir bieten ma\u00dfgeschneiderte L\u00f6sungen f\u00fcr Unternehmen, Praxen und Gewerbeimmobilien in Geretsried und Umgebung.B\u00fcroreinigungSaubere Arbeitspl\u00e4tze f\u00fcr ein gesundes und produktives Arbeitsumfeld.PraxenreinigungHygienisch einwandfreie Sauberkeit f\u00fcr Arztpraxen und [&hellip;]<\/p>\n","protected":false},"author":1,"featured_media":0,"parent":0,"menu_order":0,"comment_status":"closed","ping_status":"open","template":"","meta":{"_et_pb_use_builder":"on","_et_pb_old_content":"<!-- wp:paragraph -->\n<p>This is an example page. It's different from a blog post because it will stay in one place and will show up in your site navigation (in most themes). Most people start with an About page that introduces them to potential site visitors. It might say something like this:<\/p>\n<!-- \/wp:paragraph -->\n\n<!-- wp:quote -->\n<blockquote class=\"wp-block-quote\">\n<!-- wp:paragraph -->\n<p>Hi there! I'm a bike messenger by day, aspiring actor by night, and this is my website. I live in Los Angeles, have a great dog named Jack, and I like pi&#241;a coladas. (And gettin' caught in the rain.)<\/p>\n<!-- \/wp:paragraph -->\n<\/blockquote>\n<!-- \/wp:quote -->\n\n<!-- wp:paragraph -->\n<p>...or something like this:<\/p>\n<!-- \/wp:paragraph -->\n\n<!-- wp:quote -->\n<blockquote class=\"wp-block-quote\">\n<!-- wp:paragraph -->\n<p>The XYZ Doohickey Company was founded in 1971, and has been providing quality doohickeys to the public ever since. Located in Gotham City, XYZ employs over 2,000 people and does all kinds of awesome things for the Gotham community.<\/p>\n<!-- \/wp:paragraph -->\n<\/blockquote>\n<!-- \/wp:quote -->\n\n<!-- wp:paragraph -->\n<p>As a new WordPress user, you should go to <a href=\"https:\/\/gebaeudereinigung-geretsried.de\/wp-admin\/\">your dashboard<\/a> to delete this page and create new pages for your content. Have fun!<\/p>\n<!-- \/wp:paragraph -->","_et_gb_content_width":"","footnotes":""},"class_list":["post-2","page","type-page","status-publish","hentry"],"_links":{"self":[{"href":"https:\/\/gebaeudereinigung-geretsried.de\/index.php?rest_route=\/wp\/v2\/pages\/2","targetHints":{"allow":["GET"]}}],"collection":[{"href":"https:\/\/gebaeudereinigung-geretsried.de\/index.php?rest_route=\/wp\/v2\/pages"}],"about":[{"href":"https:\/\/gebaeudereinigung-geretsried.de\/index.php?rest_route=\/wp\/v2\/types\/page"}],"author":[{"embeddable":true,"href":"https:\/\/gebaeudereinigung-geretsried.de\/index.php?rest_route=\/wp\/v2\/users\/1"}],"replies":[{"embeddable":true,"href":"https:\/\/gebaeudereinigung-geretsried.de\/index.php?rest_route=%2Fwp%2Fv2%2Fcomments&post=2"}],"version-history":[{"count":19,"href":"https:\/\/gebaeudereinigung-geretsried.de\/index.php?rest_route=\/wp\/v2\/pages\/2\/revisions"}],"predecessor-version":[{"id":61,"href":"https:\/\/gebaeudereinigung-geretsried.de\/index.php?rest_route=\/wp\/v2\/pages\/2\/revisions\/61"}],"wp:attachment":[{"href":"https:\/\/gebaeudereinigung-geretsried.de\/index.php?rest_route=%2Fwp%2Fv2%2Fmedia&parent=2"}],"curies":[{"name":"wp","href":"https:\/\/api.w.org\/{rel}","templated":true}]}}